{"id":22,"date":"2014-04-25T20:14:12","date_gmt":"2014-04-26T00:14:12","guid":{"rendered":"http:\/\/www.potagerforestierqc.org\/?page_id=22"},"modified":"2014-05-01T22:24:47","modified_gmt":"2014-05-02T02:24:47","slug":"nos-partenaires","status":"publish","type":"page","link":"http:\/\/www.potagerforestierqc.org\/?page_id=22","title":{"rendered":"Nos partenaires"},"content":{"rendered":"<p>Arbres Canada<\/p>\n<p>Association foresti\u00e8re des deux rives<\/p>\n<p>Conseil r\u00e9gional de l&rsquo;environnement &#8211; r\u00e9gion de la Capitale-Nationale<\/p>\n<p class=\"western\" align=\"LEFT\">D\u00e9fi Jeunesse Qu\u00e9bec<\/p>\n<p>Les AmiEs de la Terre de Qu\u00e9bec<\/p>\n<p class=\"western\" align=\"LEFT\">Les Urbainculteurs<\/p>\n<p class=\"western\" align=\"LEFT\">Moisson-Qu\u00e9bec<\/p>\n<p class=\"western\" align=\"LEFT\">R\u00e9seau d&rsquo;agriculture urbaine de Qu\u00e9bec<\/p>\n","protected":false},"excerpt":{"rendered":"<p>Arbres Canada Association foresti\u00e8re des deux rives Conseil r\u00e9gional de l&rsquo;environnement &#8211; r\u00e9gion de la Capitale-Nationale D\u00e9fi Jeunesse Qu\u00e9bec Les AmiEs de la Terre de Qu\u00e9bec Les Urbainculteurs Moisson-Qu\u00e9bec R\u00e9seau d&rsquo;agriculture urbaine de Qu\u00e9bec<\/p>\n","protected":false},"author":1,"featured_media":0,"parent":0,"menu_order":0,"comment_status":"closed","ping_status":"open","template":"","meta":[],"_links":{"self":[{"href":"http:\/\/www.potagerforestierqc.org\/index.php?rest_route=\/wp\/v2\/pages\/22"}],"collection":[{"href":"http:\/\/www.potagerforestierqc.org\/index.php?rest_route=\/wp\/v2\/pages"}],"about":[{"href":"http:\/\/www.potagerforestierqc.org\/index.php?rest_route=\/wp\/v2\/types\/page"}],"author":[{"embeddable":true,"href":"http:\/\/www.potagerforestierqc.org\/index.php?rest_route=\/wp\/v2\/users\/1"}],"replies":[{"embeddable":true,"href":"http:\/\/www.potagerforestierqc.org\/index.php?rest_route=%2Fwp%2Fv2%2Fcomments&post=22"}],"version-history":[{"count":8,"href":"http:\/\/www.potagerforestierqc.org\/index.php?rest_route=\/wp\/v2\/pages\/22\/revisions"}],"predecessor-version":[{"id":103,"href":"http:\/\/www.potagerforestierqc.org\/index.php?rest_route=\/wp\/v2\/pages\/22\/revisions\/103"}],"wp:attachment":[{"href":"http:\/\/www.potagerforestierqc.org\/index.php?rest_route=%2Fwp%2Fv2%2Fmedia&parent=22"}],"curies":[{"name":"wp","href":"https:\/\/api.w.org\/{rel}","templated":true}]}}