{"id":10,"date":"2014-04-25T20:01:45","date_gmt":"2014-04-26T00:01:45","guid":{"rendered":"http:\/\/www.potagerforestierqc.org\/?page_id=10"},"modified":"2014-05-01T23:01:38","modified_gmt":"2014-05-02T03:01:38","slug":"cest-quoi","status":"publish","type":"page","link":"http:\/\/www.potagerforestierqc.org\/?page_id=10","title":{"rendered":"D\u00e9finition du concept"},"content":{"rendered":"<p class=\"western\" lang=\"fr-FR\"><span lang=\"fr-CA\"><b>Qu&rsquo;est-ce qu&rsquo;une for\u00eat qui nourrit? Quel est notre projet?<\/b><\/span><\/p>\n<p class=\"western\" lang=\"fr-FR\"><span lang=\"fr-CA\">Une for\u00eat nourrici\u00e8re est un jardin permanent de v\u00e9g\u00e9taux comestibles de conception similaire \u00e0 une for\u00eat naturelle donc un potager-forestier.\u00a0<\/span><span lang=\"fr-CA\">Il est constitu\u00e9 d\u2019arbres et arbustes <\/span><span style=\"color: #000000;\"><span lang=\"fr-CA\">fruitiers et \u00e0 noix, de plantes herbac\u00e9es vivaces, de champignons comestibles. On peut \u00e9galement y int\u00e9grer des ruches d\u2019abeilles ainsi que des bassins d\u2019eau.\u00a0<\/span><\/span><span lang=\"fr-CA\">Ces bois\u00e9s cr\u00e9ent de nombreux habitats naturels et accroissent ainsi la biodiversit\u00e9 tant dans les milieux urbains que ruraux.<\/span><\/p>\n<address class=\"western\" lang=\"fr-FR\"><em><a href=\"http:\/\/www.potagerforestierqc.org\/?page_id=29\">Cliquer ici pour une d\u00e9finition d\u00e9taill\u00e9e de la for\u00eat nourrici\u00e8re.<\/a><\/em><\/address>\n<address class=\"western\" lang=\"fr-FR\">\u00a0<\/address>\n<p class=\"western\" lang=\"fr-FR\">\u00ab\u00a0Au coin de ma rue, une for\u00eat qui nourrit\u00a0\u00bb a pour but d\u2019inciter les communaut\u00e9s \u00e0 faire la promotion d\u2019une biodiversit\u00e9 comestible partout o\u00f9 c\u2019est possible. En se mobilisant autour de tels projets, les citoyens et citoyennes peuvent contribuer \u00e0 leur s\u00e9curit\u00e9 alimentaire et cr\u00e9er des liens de solidarit\u00e9 essentiels \u00e0 la vigueur des communaut\u00e9s.<\/p>\n<p class=\"western\">Ce projet n\u2019a vu le jour qu\u2019en d\u00e9cembre 2013 et d\u00e9j\u00e0 il suscite un grand engouement de la part des communaut\u00e9s car il r\u00e9pond non seulement \u00e0 leur besoin pressant de se nourrir d\u2019aliments sains, locaux et peu dispendieux mais aussi \u00e0 celui de r\u00e9habiliter et de s\u2019approprier leurs milieux de vie. Les premi\u00e8res implantations de potagers-forestiers se feront en 2014 et d\u00e9j\u00e0 en 2015 nous commencerons \u00e0 voir les premiers fruits de ce mouvement.<\/p>\n<p class=\"western\">En effet, d\u00e9j\u00e0 plusieurs projets sont actuellement en d\u00e9veloppement. Parmi ceux-ci\u00a0:<\/p>\n<ul>\n<li>la pr\u00e9paration \u00e0 l\u2019\u00e9tablissement d\u2019une for\u00eat nourrici\u00e8re \u00e0 Lotbini\u00e8re prise en charge par les Moissonneurs solidaires;<\/li>\n<li>l\u2019inclusion de la biodiversit\u00e9 comestible au plan d\u2019am\u00e9nagement du quartier Saint-Jean-Baptiste de Qu\u00e9bec.<\/li>\n<\/ul>\n<p>&nbsp;<\/p>\n<p>Pour en savoir plus sur des exp\u00e9riences concr\u00e8tes de r\u00e9alisation de for\u00eats nourrici\u00e8res, consultez:<\/p>\n<p class=\"western\">&#8211;<a href=\"http:\/\/www.lapermaculture.info\/forets-comestibles\/foret-comestible-quest-ce-que-cest\" target=\"_blank\">La permaculture simplifi\u00e9e<\/a><\/p>\n<p class=\"western\">&#8211;<a href=\"http:\/\/www.beaconfoodforest.org\/\" target=\"_blank\">Beacon food forest permaculture project<\/a><\/p>\n<p class=\"western\">&#8211;<a href=\"http:\/\/permaculturenews.org\/2012\/06\/01\/zaytuna-farm-video-tour-apr-may-2012-ten-years-of-revolutionary-design\/\" target=\"_blank\">Geoff Lawton&rsquo;s Zaytuna farm video tour<\/a><\/p>\n<p class=\"western\">\n","protected":false},"excerpt":{"rendered":"<p>Qu&rsquo;est-ce qu&rsquo;une for\u00eat qui nourrit? Quel est notre projet? Une for\u00eat nourrici\u00e8re est un jardin permanent de v\u00e9g\u00e9taux comestibles de conception similaire \u00e0 une for\u00eat naturelle donc un potager-forestier.\u00a0Il est constitu\u00e9 d\u2019arbres et arbustes fruitiers et \u00e0 noix, de plantes &hellip; <a href=\"http:\/\/www.potagerforestierqc.org\/?page_id=10\">Continuer la lecture <span class=\"meta-nav\">&rarr;<\/span><\/a><\/p>\n","protected":false},"author":1,"featured_media":0,"parent":0,"menu_order":0,"comment_status":"closed","ping_status":"open","template":"","meta":[],"_links":{"self":[{"href":"http:\/\/www.potagerforestierqc.org\/index.php?rest_route=\/wp\/v2\/pages\/10"}],"collection":[{"href":"http:\/\/www.potagerforestierqc.org\/index.php?rest_route=\/wp\/v2\/pages"}],"about":[{"href":"http:\/\/www.potagerforestierqc.org\/index.php?rest_route=\/wp\/v2\/types\/page"}],"author":[{"embeddable":true,"href":"http:\/\/www.potagerforestierqc.org\/index.php?rest_route=\/wp\/v2\/users\/1"}],"replies":[{"embeddable":true,"href":"http:\/\/www.potagerforestierqc.org\/index.php?rest_route=%2Fwp%2Fv2%2Fcomments&post=10"}],"version-history":[{"count":15,"href":"http:\/\/www.potagerforestierqc.org\/index.php?rest_route=\/wp\/v2\/pages\/10\/revisions"}],"predecessor-version":[{"id":108,"href":"http:\/\/www.potagerforestierqc.org\/index.php?rest_route=\/wp\/v2\/pages\/10\/revisions\/108"}],"wp:attachment":[{"href":"http:\/\/www.potagerforestierqc.org\/index.php?rest_route=%2Fwp%2Fv2%2Fmedia&parent=10"}],"curies":[{"name":"wp","href":"https:\/\/api.w.org\/{rel}","templated":true}]}}